{"id":160,"date":"2019-01-06T19:24:04","date_gmt":"2019-01-06T19:24:04","guid":{"rendered":"http:\/\/izumiclub.com\/?page_id=160"},"modified":"2023-03-01T09:55:14","modified_gmt":"2023-03-01T09:55:14","slug":"mapa","status":"publish","type":"page","link":"https:\/\/www.izumiclub.com\/index.php\/mapa\/","title":{"rendered":"D\u00f3nde estamos"},"content":{"rendered":"\t\t<div data-elementor-type=\"wp-page\" data-elementor-id=\"160\" class=\"elementor elementor-160\">\n\t\t\t\t\t\t<div class=\"elementor-inner\">\n\t\t\t\t<div class=\"elementor-section-wrap\">\n\t\t\t\t\t\t\t\t\t<section class=\"elementor-section elementor-top-section elementor-element elementor-element-4a0018f elementor-section-boxed elementor-section-height-default elementor-section-height-default\" data-id=\"4a0018f\" data-element_type=\"section\">\n\t\t\t\t\t\t<div class=\"elementor-container elementor-column-gap-default\">\n\t\t\t\t\t\t\t<div class=\"elementor-row\">\n\t\t\t\t\t<div class=\"elementor-column elementor-col-100 elementor-top-column elementor-element elementor-element-3ffed68e\" data-id=\"3ffed68e\" data-element_type=\"column\">\n\t\t\t<div class=\"elementor-column-wrap elementor-element-populated\">\n\t\t\t\t\t\t\t<div class=\"elementor-widget-wrap\">\n\t\t\t\t\t\t<div class=\"elementor-element elementor-element-7a5943e1 elementor-widget elementor-widget-text-editor\" data-id=\"7a5943e1\" data-element_type=\"widget\" data-widget_type=\"text-editor.default\">\n\t\t\t\t<div class=\"elementor-widget-container\">\n\t\t\t\t\t\t\t\t<div class=\"elementor-text-editor elementor-clearfix\">\n\t\t\t\t<!-- wp:paragraph -->\n<p>Calle <strong>Teruel 11<\/strong>, Madrid 28020. Espa\u00f1a.<\/p>\n<!-- \/wp:paragraph --><!-- wp:paragraph -->\n<p>Tambi\u00e9n puedes entrar desde la calle <strong>Bravo Murillo 160<\/strong>, por la calle particular que hay junto a Saneamientos Pereda\u00a0<\/p>\n<!-- \/wp:paragraph --><!-- wp:paragraph -->\n<p>Estamos a 3 minutos de las estaciones de Metro de Estrecho o Alvarado de la l\u00ednea 1, y a 10 minutos de la estaci\u00f3n de Nuevos Ministerios (salida Orense) de las l\u00edneas 6, 8 y 10 de metro, y de Cercan\u00edas Renfe.<\/p>\n<p>\u00a0<\/p>\n<p><strong>CONTACTO<\/strong><\/p>\n<p>Si quieres informaci\u00f3n sobre la Escuela de Boxeo, puedes ponerte en contacto con el Director de la Actividad. Puedes llamarle o escribirle, te ayudar\u00e1 a resolver todas las dudas que tengas.<\/p>\n<p><strong>\u00c1ngel Bastidas +34 606 61 67 63<\/strong><\/p>\n<p>\u00a0<\/p>\n<p>De la misma manera puedes ponerte en contacto con el Director de Tiro con Arco:<\/p>\n<p><strong>Pepe de Lucio +34 638 17 82 83<\/strong><\/p>\n<!-- \/wp:paragraph --><!-- wp:paragraph -->\n<figure><\/figure>\n<!-- \/wp:html -->\t\t\t\t\t<\/div>\n\t\t\t\t\t\t<\/div>\n\t\t\t\t<\/div>\n\t\t\t\t\t\t<\/div>\n\t\t\t\t\t<\/div>\n\t\t<\/div>\n\t\t\t\t\t\t\t\t<\/div>\n\t\t\t\t\t<\/div>\n\t\t<\/section>\n\t\t\t\t<section class=\"elementor-section elementor-top-section elementor-element elementor-element-a32472a elementor-section-boxed elementor-section-height-default elementor-section-height-default\" data-id=\"a32472a\" data-element_type=\"section\">\n\t\t\t\t\t\t<div class=\"elementor-container elementor-column-gap-default\">\n\t\t\t\t\t\t\t<div class=\"elementor-row\">\n\t\t\t\t\t<div class=\"elementor-column elementor-col-100 elementor-top-column elementor-element elementor-element-0f4a115\" data-id=\"0f4a115\" data-element_type=\"column\">\n\t\t\t<div class=\"elementor-column-wrap elementor-element-populated\">\n\t\t\t\t\t\t\t<div class=\"elementor-widget-wrap\">\n\t\t\t\t\t\t<div class=\"elementor-element elementor-element-6d4e04d elementor-widget elementor-widget-heading\" data-id=\"6d4e04d\" data-element_type=\"widget\" data-widget_type=\"heading.default\">\n\t\t\t\t<div class=\"elementor-widget-container\">\n\t\t\t<h2 class=\"elementor-heading-title elementor-size-default\">MAPA<\/h2>\t\t<\/div>\n\t\t\t\t<\/div>\n\t\t\t\t\t\t<\/div>\n\t\t\t\t\t<\/div>\n\t\t<\/div>\n\t\t\t\t\t\t\t\t<\/div>\n\t\t\t\t\t<\/div>\n\t\t<\/section>\n\t\t\t\t<section class=\"elementor-section elementor-top-section elementor-element elementor-element-288cf1b elementor-section-boxed elementor-section-height-default elementor-section-height-default\" data-id=\"288cf1b\" data-element_type=\"section\">\n\t\t\t\t\t\t<div class=\"elementor-container elementor-column-gap-default\">\n\t\t\t\t\t\t\t<div class=\"elementor-row\">\n\t\t\t\t\t<div class=\"elementor-column elementor-col-100 elementor-top-column elementor-element elementor-element-e19cc61\" data-id=\"e19cc61\" data-element_type=\"column\">\n\t\t\t<div class=\"elementor-column-wrap elementor-element-populated\">\n\t\t\t\t\t\t\t<div class=\"elementor-widget-wrap\">\n\t\t\t\t\t\t<div class=\"elementor-element elementor-element-933b066 elementor-widget elementor-widget-image\" data-id=\"933b066\" data-element_type=\"widget\" data-widget_type=\"image.default\">\n\t\t\t\t<div class=\"elementor-widget-container\">\n\t\t\t\t\t\t\t\t<div class=\"elementor-image\">\n\t\t\t\t\t\t\t\t\t\t\t\t<img loading=\"lazy\" decoding=\"async\" width=\"768\" height=\"593\" src=\"https:\/\/www.izumiclub.com\/wp-content\/uploads\/2022\/09\/mapa_IZUMI-768x593.jpg\" class=\"attachment-medium_large size-medium_large\" alt=\"\" srcset=\"https:\/\/www.izumiclub.com\/wp-content\/uploads\/2022\/09\/mapa_IZUMI-768x593.jpg 768w, https:\/\/www.izumiclub.com\/wp-content\/uploads\/2022\/09\/mapa_IZUMI-300x232.jpg 300w, https:\/\/www.izumiclub.com\/wp-content\/uploads\/2022\/09\/mapa_IZUMI-920x711.jpg 920w, https:\/\/www.izumiclub.com\/wp-content\/uploads\/2022\/09\/mapa_IZUMI-230x178.jpg 230w, https:\/\/www.izumiclub.com\/wp-content\/uploads\/2022\/09\/mapa_IZUMI-350x270.jpg 350w, https:\/\/www.izumiclub.com\/wp-content\/uploads\/2022\/09\/mapa_IZUMI-480x371.jpg 480w, https:\/\/www.izumiclub.com\/wp-content\/uploads\/2022\/09\/mapa_IZUMI.jpg 1024w\" sizes=\"(max-width: 768px) 100vw, 768px\" \/>\t\t\t\t\t\t\t\t\t\t\t\t\t\t<\/div>\n\t\t\t\t\t\t<\/div>\n\t\t\t\t<\/div>\n\t\t\t\t\t\t<\/div>\n\t\t\t\t\t<\/div>\n\t\t<\/div>\n\t\t\t\t\t\t\t\t<\/div>\n\t\t\t\t\t<\/div>\n\t\t<\/section>\n\t\t\t\t<section class=\"elementor-section elementor-top-section elementor-element elementor-element-f29982b elementor-section-boxed elementor-section-height-default elementor-section-height-default\" data-id=\"f29982b\" data-element_type=\"section\">\n\t\t\t\t\t\t<div class=\"elementor-container elementor-column-gap-default\">\n\t\t\t\t\t\t\t<div class=\"elementor-row\">\n\t\t\t\t\t<div class=\"elementor-column elementor-col-100 elementor-top-column elementor-element elementor-element-662f7c2\" data-id=\"662f7c2\" data-element_type=\"column\">\n\t\t\t<div class=\"elementor-column-wrap\">\n\t\t\t\t\t\t\t<div class=\"elementor-widget-wrap\">\n\t\t\t\t\t\t\t\t<\/div>\n\t\t\t\t\t<\/div>\n\t\t<\/div>\n\t\t\t\t\t\t\t\t<\/div>\n\t\t\t\t\t<\/div>\n\t\t<\/section>\n\t\t\t\t<section class=\"elementor-section elementor-top-section elementor-element elementor-element-a9e5adc elementor-section-full_width elementor-section-stretched elementor-section-height-default elementor-section-height-default\" data-id=\"a9e5adc\" data-element_type=\"section\" data-settings=\"{&quot;stretch_section&quot;:&quot;section-stretched&quot;}\">\n\t\t\t\t\t\t<div class=\"elementor-container elementor-column-gap-default\">\n\t\t\t\t\t\t\t<div class=\"elementor-row\">\n\t\t\t\t\t<div class=\"elementor-column elementor-col-100 elementor-top-column elementor-element elementor-element-4867488\" data-id=\"4867488\" data-element_type=\"column\">\n\t\t\t<div class=\"elementor-column-wrap elementor-element-populated\">\n\t\t\t\t\t\t\t<div class=\"elementor-widget-wrap\">\n\t\t\t\t\t\t<div class=\"elementor-element elementor-element-2d1d001 elementor-widget elementor-widget-google_maps\" data-id=\"2d1d001\" data-element_type=\"widget\" data-widget_type=\"google_maps.default\">\n\t\t\t\t<div class=\"elementor-widget-container\">\n\t\t\t\t\t<div class=\"elementor-custom-embed\">\n\t\t\t<iframe frameborder=\"0\" scrolling=\"no\" marginheight=\"0\" marginwidth=\"0\"\n\t\t\t\t\tsrc=\"https:\/\/maps.google.com\/maps?q=Izumi%20Club&#038;t=m&#038;z=18&#038;output=embed&#038;iwloc=near\"\n\t\t\t\t\ttitle=\"Izumi Club\"\n\t\t\t\t\taria-label=\"Izumi Club\"\n\t\t\t><\/iframe>\n\t\t<\/div>\n\t\t\t\t<\/div>\n\t\t\t\t<\/div>\n\t\t\t\t\t\t<\/div>\n\t\t\t\t\t<\/div>\n\t\t<\/div>\n\t\t\t\t\t\t\t\t<\/div>\n\t\t\t\t\t<\/div>\n\t\t<\/section>\n\t\t\t\t\t\t\t\t\t<\/div>\n\t\t\t<\/div>\n\t\t\t\t\t<\/div>\n\t\t","protected":false},"excerpt":{"rendered":"<p>Calle Teruel 11, Madrid 28020. Espa\u00f1a. Tambi\u00e9n puedes entrar desde la calle Bravo Murillo 160, por la calle particular que hay junto [&hellip;]<\/p>\n","protected":false},"author":1,"featured_media":0,"parent":0,"menu_order":0,"comment_status":"closed","ping_status":"closed","template":"","meta":{"footnotes":""},"aioseo_notices":[],"_links":{"self":[{"href":"https:\/\/www.izumiclub.com\/index.php\/wp-json\/wp\/v2\/pages\/160"}],"collection":[{"href":"https:\/\/www.izumiclub.com\/index.php\/wp-json\/wp\/v2\/pages"}],"about":[{"href":"https:\/\/www.izumiclub.com\/index.php\/wp-json\/wp\/v2\/types\/page"}],"author":[{"embeddable":true,"href":"https:\/\/www.izumiclub.com\/index.php\/wp-json\/wp\/v2\/users\/1"}],"replies":[{"embeddable":true,"href":"https:\/\/www.izumiclub.com\/index.php\/wp-json\/wp\/v2\/comments?post=160"}],"version-history":[{"count":21,"href":"https:\/\/www.izumiclub.com\/index.php\/wp-json\/wp\/v2\/pages\/160\/revisions"}],"predecessor-version":[{"id":961,"href":"https:\/\/www.izumiclub.com\/index.php\/wp-json\/wp\/v2\/pages\/160\/revisions\/961"}],"wp:attachment":[{"href":"https:\/\/www.izumiclub.com\/index.php\/wp-json\/wp\/v2\/media?parent=160"}],"curies":[{"name":"wp","href":"https:\/\/api.w.org\/{rel}","templated":true}]}}