{"id":187,"date":"2019-01-25T11:41:13","date_gmt":"2019-01-25T11:41:13","guid":{"rendered":"http:\/\/www.izumiclub.com\/?page_id=187"},"modified":"2024-02-10T18:54:22","modified_gmt":"2024-02-10T18:54:22","slug":"boxeo-madrid","status":"publish","type":"page","link":"https:\/\/www.izumiclub.com\/index.php\/boxeo-madrid\/","title":{"rendered":"BOXEO"},"content":{"rendered":"\t\t<div data-elementor-type=\"wp-post\" data-elementor-id=\"187\" class=\"elementor elementor-187\">\n\t\t\t\t\t\t<div class=\"elementor-inner\">\n\t\t\t\t<div class=\"elementor-section-wrap\">\n\t\t\t\t\t\t\t\t\t<section class=\"elementor-section elementor-top-section elementor-element elementor-element-3b59b72 elementor-section-full_width elementor-section-stretched elementor-section-height-default elementor-section-height-default\" data-id=\"3b59b72\" data-element_type=\"section\" data-settings=\"{&quot;stretch_section&quot;:&quot;section-stretched&quot;}\">\n\t\t\t\t\t\t<div class=\"elementor-container elementor-column-gap-default\">\n\t\t\t\t\t\t\t<div class=\"elementor-row\">\n\t\t\t\t\t<div class=\"elementor-column elementor-col-100 elementor-top-column elementor-element elementor-element-05bd8f2\" data-id=\"05bd8f2\" data-element_type=\"column\">\n\t\t\t<div class=\"elementor-column-wrap elementor-element-populated\">\n\t\t\t\t\t\t\t<div class=\"elementor-widget-wrap\">\n\t\t\t\t\t\t<div class=\"elementor-element elementor-element-213e9eb elementor-widget__width-inherit elementor-widget elementor-widget-image\" data-id=\"213e9eb\" data-element_type=\"widget\" data-widget_type=\"image.default\">\n\t\t\t\t<div class=\"elementor-widget-container\">\n\t\t\t\t\t\t\t\t<div class=\"elementor-image\">\n\t\t\t\t\t\t\t\t\t<figure class=\"wp-caption\">\n\t\t\t\t\t\t\t\t\t\t<img loading=\"lazy\" decoding=\"async\" width=\"1024\" height=\"540\" src=\"https:\/\/www.izumiclub.com\/wp-content\/uploads\/2022\/09\/man-doing-boxing-163403-1024x540.jpg\" class=\"attachment-large size-large\" alt=\"\" srcset=\"https:\/\/www.izumiclub.com\/wp-content\/uploads\/2022\/09\/man-doing-boxing-163403-1024x540.jpg 1024w, https:\/\/www.izumiclub.com\/wp-content\/uploads\/2022\/09\/man-doing-boxing-163403-300x158.jpg 300w, https:\/\/www.izumiclub.com\/wp-content\/uploads\/2022\/09\/man-doing-boxing-163403-768x405.jpg 768w, https:\/\/www.izumiclub.com\/wp-content\/uploads\/2022\/09\/man-doing-boxing-163403-1536x810.jpg 1536w, https:\/\/www.izumiclub.com\/wp-content\/uploads\/2022\/09\/man-doing-boxing-163403-2048x1081.jpg 2048w, https:\/\/www.izumiclub.com\/wp-content\/uploads\/2022\/09\/man-doing-boxing-163403-920x485.jpg 920w, https:\/\/www.izumiclub.com\/wp-content\/uploads\/2022\/09\/man-doing-boxing-163403-230x121.jpg 230w, https:\/\/www.izumiclub.com\/wp-content\/uploads\/2022\/09\/man-doing-boxing-163403-350x185.jpg 350w, https:\/\/www.izumiclub.com\/wp-content\/uploads\/2022\/09\/man-doing-boxing-163403-480x253.jpg 480w\" sizes=\"(max-width: 1024px) 100vw, 1024px\" \/>\t\t\t\t\t\t\t\t\t\t\t<figcaption class=\"widget-image-caption wp-caption-text\"><\/figcaption>\n\t\t\t\t\t\t\t\t\t\t<\/figure>\n\t\t\t\t\t\t\t\t<\/div>\n\t\t\t\t\t\t<\/div>\n\t\t\t\t<\/div>\n\t\t\t\t\t\t<\/div>\n\t\t\t\t\t<\/div>\n\t\t<\/div>\n\t\t\t\t\t\t\t\t<\/div>\n\t\t\t\t\t<\/div>\n\t\t<\/section>\n\t\t\t\t<section class=\"elementor-section elementor-top-section elementor-element elementor-element-17a4033 elementor-section-boxed elementor-section-height-default elementor-section-height-default\" data-id=\"17a4033\" data-element_type=\"section\">\n\t\t\t\t\t\t<div class=\"elementor-container elementor-column-gap-default\">\n\t\t\t\t\t\t\t<div class=\"elementor-row\">\n\t\t\t\t\t<div class=\"elementor-column elementor-col-100 elementor-top-column elementor-element elementor-element-ce2e748\" data-id=\"ce2e748\" data-element_type=\"column\">\n\t\t\t<div class=\"elementor-column-wrap elementor-element-populated\">\n\t\t\t\t\t\t\t<div class=\"elementor-widget-wrap\">\n\t\t\t\t\t\t<div class=\"elementor-element elementor-element-4eb0e97 elementor-widget elementor-widget-text-editor\" data-id=\"4eb0e97\" data-element_type=\"widget\" data-widget_type=\"text-editor.default\">\n\t\t\t\t<div class=\"elementor-widget-container\">\n\t\t\t\t\t\t\t\t<div class=\"elementor-text-editor elementor-clearfix\">\n\t\t\t\t<h4>EUGENIO MART\u00cdN<\/h4>\n<p>Toda una vida dedicada al Boxeo y a sus Boxeadores. Nos cuid\u00f3 como un padre, con cari\u00f1o y disciplina, hasta su \u00faltimo d\u00eda. Uno de los pilares del Boxeo en Madrid.<\/p>\n<p>Siempre estar\u00e1s vivo en la llama que encendiste en nuestros corazones. En el cielo de los Campeones, esp\u00e9ranos que volveremos a estar juntos.<\/p>\n<p>DESCANSE EN PAZ<\/p>\t\t\t\t\t<\/div>\n\t\t\t\t\t\t<\/div>\n\t\t\t\t<\/div>\n\t\t\t\t\t\t<\/div>\n\t\t\t\t\t<\/div>\n\t\t<\/div>\n\t\t\t\t\t\t\t\t<\/div>\n\t\t\t\t\t<\/div>\n\t\t<\/section>\n\t\t\t\t<section class=\"elementor-section elementor-top-section elementor-element elementor-element-5669d2d elementor-section-boxed elementor-section-height-default elementor-section-height-default\" data-id=\"5669d2d\" data-element_type=\"section\">\n\t\t\t\t\t\t<div class=\"elementor-container elementor-column-gap-default\">\n\t\t\t\t\t\t\t<div class=\"elementor-row\">\n\t\t\t\t\t<div class=\"elementor-column elementor-col-100 elementor-top-column elementor-element elementor-element-7198164\" data-id=\"7198164\" data-element_type=\"column\">\n\t\t\t<div class=\"elementor-column-wrap elementor-element-populated\">\n\t\t\t\t\t\t\t<div class=\"elementor-widget-wrap\">\n\t\t\t\t\t\t<div class=\"elementor-element elementor-element-cdacf45 elementor-widget elementor-widget-image\" data-id=\"cdacf45\" data-element_type=\"widget\" data-widget_type=\"image.default\">\n\t\t\t\t<div class=\"elementor-widget-container\">\n\t\t\t\t\t\t\t\t<div class=\"elementor-image\">\n\t\t\t\t\t\t\t\t\t<figure class=\"wp-caption\">\n\t\t\t\t\t\t\t\t\t\t<img loading=\"lazy\" decoding=\"async\" width=\"1024\" height=\"580\" src=\"https:\/\/www.izumiclub.com\/wp-content\/uploads\/2021\/07\/eug03-1024x580.jpg\" class=\"attachment-large size-large\" alt=\"\" srcset=\"https:\/\/www.izumiclub.com\/wp-content\/uploads\/2021\/07\/eug03-1024x580.jpg 1024w, https:\/\/www.izumiclub.com\/wp-content\/uploads\/2021\/07\/eug03-300x170.jpg 300w, https:\/\/www.izumiclub.com\/wp-content\/uploads\/2021\/07\/eug03-768x435.jpg 768w, https:\/\/www.izumiclub.com\/wp-content\/uploads\/2021\/07\/eug03-1536x869.jpg 1536w, https:\/\/www.izumiclub.com\/wp-content\/uploads\/2021\/07\/eug03-830x470.jpg 830w, https:\/\/www.izumiclub.com\/wp-content\/uploads\/2021\/07\/eug03-230x130.jpg 230w, https:\/\/www.izumiclub.com\/wp-content\/uploads\/2021\/07\/eug03-350x198.jpg 350w, https:\/\/www.izumiclub.com\/wp-content\/uploads\/2021\/07\/eug03-480x272.jpg 480w, https:\/\/www.izumiclub.com\/wp-content\/uploads\/2021\/07\/eug03.jpg 1908w\" sizes=\"(max-width: 1024px) 100vw, 1024px\" \/>\t\t\t\t\t\t\t\t\t\t\t<figcaption class=\"widget-image-caption wp-caption-text\">EUGENIO MART\u00cdN Y \u00c1NGEL BASTIDAS<\/figcaption>\n\t\t\t\t\t\t\t\t\t\t<\/figure>\n\t\t\t\t\t\t\t\t<\/div>\n\t\t\t\t\t\t<\/div>\n\t\t\t\t<\/div>\n\t\t\t\t\t\t<\/div>\n\t\t\t\t\t<\/div>\n\t\t<\/div>\n\t\t\t\t\t\t\t\t<\/div>\n\t\t\t\t\t<\/div>\n\t\t<\/section>\n\t\t\t\t<section class=\"elementor-section elementor-top-section elementor-element elementor-element-76bc4c4 elementor-section-boxed elementor-section-height-default elementor-section-height-default\" data-id=\"76bc4c4\" data-element_type=\"section\">\n\t\t\t\t\t\t<div class=\"elementor-container elementor-column-gap-default\">\n\t\t\t\t\t\t\t<div class=\"elementor-row\">\n\t\t\t\t\t<div class=\"elementor-column elementor-col-100 elementor-top-column elementor-element elementor-element-bcf97b8\" data-id=\"bcf97b8\" data-element_type=\"column\">\n\t\t\t<div class=\"elementor-column-wrap elementor-element-populated\">\n\t\t\t\t\t\t\t<div class=\"elementor-widget-wrap\">\n\t\t\t\t\t\t<div class=\"elementor-element elementor-element-2975690 elementor-widget elementor-widget-text-editor\" data-id=\"2975690\" data-element_type=\"widget\" data-widget_type=\"text-editor.default\">\n\t\t\t\t<div class=\"elementor-widget-container\">\n\t\t\t\t\t\t\t\t<div class=\"elementor-text-editor elementor-clearfix\">\n\t\t\t\t<h4><span style=\"color: var(--sydney-text-color);\">\u00c1ngel Bastidas<\/span><\/h4>\n<p><span style=\"color: var(--sydney-text-color);\">Alumno de Eugenio y su segundo durante los \u00faltimos a\u00f1os, se hace cargo de la Escuela de Boxeo<\/span><\/p>\t\t\t\t\t<\/div>\n\t\t\t\t\t\t<\/div>\n\t\t\t\t<\/div>\n\t\t\t\t\t\t<\/div>\n\t\t\t\t\t<\/div>\n\t\t<\/div>\n\t\t\t\t\t\t\t\t<\/div>\n\t\t\t\t\t<\/div>\n\t\t<\/section>\n\t\t\t\t<section class=\"elementor-section elementor-top-section elementor-element elementor-element-29940317 elementor-section-boxed elementor-section-height-default elementor-section-height-default\" data-id=\"29940317\" data-element_type=\"section\">\n\t\t\t\t\t\t<div class=\"elementor-container elementor-column-gap-default\">\n\t\t\t\t\t\t\t<div class=\"elementor-row\">\n\t\t\t\t\t<div class=\"elementor-column elementor-col-100 elementor-top-column elementor-element elementor-element-39a574b\" data-id=\"39a574b\" data-element_type=\"column\">\n\t\t\t<div class=\"elementor-column-wrap elementor-element-populated\">\n\t\t\t\t\t\t\t<div class=\"elementor-widget-wrap\">\n\t\t\t\t\t\t<div class=\"elementor-element elementor-element-2c0a6e76 elementor-widget elementor-widget-text-editor\" data-id=\"2c0a6e76\" data-element_type=\"widget\" data-widget_type=\"text-editor.default\">\n\t\t\t\t<div class=\"elementor-widget-container\">\n\t\t\t\t\t\t\t\t<div class=\"elementor-text-editor elementor-clearfix\">\n\t\t\t\t<p><!-- wp:heading --><\/p>\n<h4>Boxeo, bien ense\u00f1ado y bien hecho.<\/h4>\n<p><!-- \/wp:heading --><!-- wp:paragraph --><\/p>\n<p>Ven a entrenar boxeo con nosotros en el centro de Madrid. Para ponerte en forma, para hacer deporte de una forma divertida, o decide ir un poco m\u00e1s all\u00e1 y subirte al ring, compite amateur o profesional. T\u00fa eliges tu ritmo, todos los niveles son posibles para ti.\u00a0<\/p>\n<p>Pero aprende bien, no importa si solo quieres ponerte en forma, las clases de boxeo tienen que estar bien hechas. Porque <strong>aprender <\/strong>la t\u00e9cnica correcta te permitir\u00e1 disfrutar m\u00e1s y mejor y, sobre todo, <strong>sin lesiones<\/strong>. Haz deporte y aprende.<\/p>\n<p><!-- \/wp:paragraph --><!-- wp:paragraph --><\/p>\n<p><!-- \/wp:paragraph --><\/p>\t\t\t\t\t<\/div>\n\t\t\t\t\t\t<\/div>\n\t\t\t\t<\/div>\n\t\t\t\t\t\t<\/div>\n\t\t\t\t\t<\/div>\n\t\t<\/div>\n\t\t\t\t\t\t\t\t<\/div>\n\t\t\t\t\t<\/div>\n\t\t<\/section>\n\t\t\t\t<section class=\"elementor-section elementor-top-section elementor-element elementor-element-1f06ad7 elementor-section-boxed elementor-section-height-default elementor-section-height-default\" data-id=\"1f06ad7\" data-element_type=\"section\">\n\t\t\t\t\t\t<div class=\"elementor-container elementor-column-gap-default\">\n\t\t\t\t\t\t\t<div class=\"elementor-row\">\n\t\t\t\t\t<div class=\"elementor-column elementor-col-100 elementor-top-column elementor-element elementor-element-a90f49c\" data-id=\"a90f49c\" data-element_type=\"column\">\n\t\t\t<div class=\"elementor-column-wrap elementor-element-populated\">\n\t\t\t\t\t\t\t<div class=\"elementor-widget-wrap\">\n\t\t\t\t\t\t<div class=\"elementor-element elementor-element-ef845d8 elementor-widget elementor-widget-text-editor\" data-id=\"ef845d8\" data-element_type=\"widget\" data-widget_type=\"text-editor.default\">\n\t\t\t\t<div class=\"elementor-widget-container\">\n\t\t\t\t\t\t\t\t<div class=\"elementor-text-editor elementor-clearfix\">\n\t\t\t\t<h4>Todos los niveles<\/h4>\n<div>Desde iniciaci\u00f3n, <b>sin contacto<\/b>, o como forma de Fitness. Pero aprendiendo bien y sobre todo evitando lesiones por golpear mal, malas posiciones o esfuerzos con mala t\u00e9cnica.<br \/>Si quieres ir un paso m\u00e1s all\u00e1, lo siguiente es <b>empezar a guantear<\/b>. Siempre a un ritmo l\u00f3gico y acorde a tu nivel.<br \/><b>Compite<\/b>, si es lo que quieres, te acompa\u00f1aremos en cada paso. Puedes empezar con peque\u00f1os cruces interclub, pasar a amateur e incluso llegar a lo m\u00e1s alto como profesional.<br \/><b>T\u00fa marcas el ritmo.<\/b><\/div>\t\t\t\t\t<\/div>\n\t\t\t\t\t\t<\/div>\n\t\t\t\t<\/div>\n\t\t\t\t\t\t<\/div>\n\t\t\t\t\t<\/div>\n\t\t<\/div>\n\t\t\t\t\t\t\t\t<\/div>\n\t\t\t\t\t<\/div>\n\t\t<\/section>\n\t\t\t\t<section class=\"elementor-section elementor-top-section elementor-element elementor-element-854ae3d elementor-section-boxed elementor-section-height-default elementor-section-height-default\" data-id=\"854ae3d\" data-element_type=\"section\">\n\t\t\t\t\t\t<div class=\"elementor-container elementor-column-gap-default\">\n\t\t\t\t\t\t\t<div class=\"elementor-row\">\n\t\t\t\t\t<div class=\"elementor-column elementor-col-100 elementor-top-column elementor-element elementor-element-a89a9fb\" data-id=\"a89a9fb\" data-element_type=\"column\">\n\t\t\t<div class=\"elementor-column-wrap elementor-element-populated\">\n\t\t\t\t\t\t\t<div class=\"elementor-widget-wrap\">\n\t\t\t\t\t\t<div class=\"elementor-element elementor-element-fc3e39a elementor-widget elementor-widget-text-editor\" data-id=\"fc3e39a\" data-element_type=\"widget\" data-widget_type=\"text-editor.default\">\n\t\t\t\t<div class=\"elementor-widget-container\">\n\t\t\t\t\t\t\t\t<div class=\"elementor-text-editor elementor-clearfix\">\n\t\t\t\t<h4>HORARIOS<\/h4>\n<p>Lunes a viernes (CLASES DE 1 HORA)<\/p>\n<p><strong>MA\u00d1ANAS<\/strong><\/p>\n<p>11:00h<\/p>\n<p>12:00h<\/p>\n<p>13:00h<\/p>\n<p>14:00h\u00a0<\/p>\n<p><strong>TARDES<\/strong><\/p>\n<p>18:00h<\/p>\n<p>19:00h<\/p>\n<p>20:00h<\/p>\t\t\t\t\t<\/div>\n\t\t\t\t\t\t<\/div>\n\t\t\t\t<\/div>\n\t\t\t\t\t\t<\/div>\n\t\t\t\t\t<\/div>\n\t\t<\/div>\n\t\t\t\t\t\t\t\t<\/div>\n\t\t\t\t\t<\/div>\n\t\t<\/section>\n\t\t\t\t<section class=\"elementor-section elementor-top-section elementor-element elementor-element-a3a4424 elementor-section-boxed elementor-section-height-default elementor-section-height-default\" data-id=\"a3a4424\" data-element_type=\"section\">\n\t\t\t\t\t\t<div class=\"elementor-container elementor-column-gap-default\">\n\t\t\t\t\t\t\t<div class=\"elementor-row\">\n\t\t\t\t\t<div class=\"elementor-column elementor-col-100 elementor-top-column elementor-element elementor-element-f1eff81\" data-id=\"f1eff81\" data-element_type=\"column\">\n\t\t\t<div class=\"elementor-column-wrap elementor-element-populated\">\n\t\t\t\t\t\t\t<div class=\"elementor-widget-wrap\">\n\t\t\t\t\t\t<div class=\"elementor-element elementor-element-adf7314 elementor-widget elementor-widget-text-editor\" data-id=\"adf7314\" data-element_type=\"widget\" data-widget_type=\"text-editor.default\">\n\t\t\t\t<div class=\"elementor-widget-container\">\n\t\t\t\t\t\t\t\t<div class=\"elementor-text-editor elementor-clearfix\">\n\t\t\t\t<h4>PRECIOS<\/h4>\n<p><span style=\"text-align: start;\">Todos los d\u00edas\u00a0<\/span><span style=\"font-weight: 600; text-align: start;\">60<\/span><span style=\"text-align: start;\">\u20ac al mes, 3 d\u00edas por semana\u00a0<\/span><span style=\"font-weight: 600; text-align: start;\">50<\/span><span style=\"text-align: start;\">\u20ac al mes y 2 d\u00edas por semana\u00a0<\/span><span style=\"font-weight: 600; text-align: start;\">45<\/span><span style=\"text-align: start;\">\u20ac al mes.<\/span><\/p>\t\t\t\t\t<\/div>\n\t\t\t\t\t\t<\/div>\n\t\t\t\t<\/div>\n\t\t\t\t\t\t<\/div>\n\t\t\t\t\t<\/div>\n\t\t<\/div>\n\t\t\t\t\t\t\t\t<\/div>\n\t\t\t\t\t<\/div>\n\t\t<\/section>\n\t\t\t\t\t\t\t\t\t<\/div>\n\t\t\t<\/div>\n\t\t\t\t\t<\/div>\n\t\t","protected":false},"excerpt":{"rendered":"<p>EUGENIO MART\u00cdN Toda una vida dedicada al Boxeo y a sus Boxeadores. Nos cuid\u00f3 como un padre, con cari\u00f1o y disciplina, hasta [&hellip;]<\/p>\n","protected":false},"author":1,"featured_media":44,"parent":0,"menu_order":0,"comment_status":"closed","ping_status":"closed","template":"","meta":{"footnotes":""},"aioseo_notices":[],"_links":{"self":[{"href":"https:\/\/www.izumiclub.com\/index.php\/wp-json\/wp\/v2\/pages\/187"}],"collection":[{"href":"https:\/\/www.izumiclub.com\/index.php\/wp-json\/wp\/v2\/pages"}],"about":[{"href":"https:\/\/www.izumiclub.com\/index.php\/wp-json\/wp\/v2\/types\/page"}],"author":[{"embeddable":true,"href":"https:\/\/www.izumiclub.com\/index.php\/wp-json\/wp\/v2\/users\/1"}],"replies":[{"embeddable":true,"href":"https:\/\/www.izumiclub.com\/index.php\/wp-json\/wp\/v2\/comments?post=187"}],"version-history":[{"count":53,"href":"https:\/\/www.izumiclub.com\/index.php\/wp-json\/wp\/v2\/pages\/187\/revisions"}],"predecessor-version":[{"id":974,"href":"https:\/\/www.izumiclub.com\/index.php\/wp-json\/wp\/v2\/pages\/187\/revisions\/974"}],"wp:featuredmedia":[{"embeddable":true,"href":"https:\/\/www.izumiclub.com\/index.php\/wp-json\/wp\/v2\/media\/44"}],"wp:attachment":[{"href":"https:\/\/www.izumiclub.com\/index.php\/wp-json\/wp\/v2\/media?parent=187"}],"curies":[{"name":"wp","href":"https:\/\/api.w.org\/{rel}","templated":true}]}}